{"id":56,"date":"2015-08-01T20:55:57","date_gmt":"2015-08-01T20:55:57","guid":{"rendered":"http:\/\/www.vw-club-kl.de\/?page_id=56"},"modified":"2022-06-27T08:28:08","modified_gmt":"2022-06-27T08:28:08","slug":"impressum","status":"publish","type":"page","link":"https:\/\/www.vw-club-kl.de\/www\/impressum\/","title":{"rendered":"Impressum"},"content":{"rendered":"<p><strong>Impressum<\/strong><\/p>\n<p><strong>Angaben gem\u00e4\u00df \u00a7 5 TMG:<\/strong><\/p>\n<ol>\n<li>VW Club Kaiserslautern e. V.An der Steinkaut 14<br \/>\n55268 Nieder Olm<\/li>\n<\/ol>\n<p><strong>Vertreten durch:<\/strong><\/p>\n<ol>\n<li>Vorsitzender Steffen Heinermann<\/li>\n<li>Vorsitzender Ingo Hoffmann<\/li>\n<\/ol>\n<p>Kassenwart Christoph M\u00fcller<\/p>\n<p>Schriftf\u00fchrer Herbert Kneip<\/p>\n<p><strong>Kontakt:<\/strong><\/p>\n<p>E Mail: info@vw-club-kl.de<\/p>\n<p><strong>Eintragung im Vereinsregister.Registereintrag:<\/strong><\/p>\n<p>Registergericht:Kaiserslautern<br \/>\nRegisternummer: VR 1983<\/p>\n<p><strong>Quellenangaben f\u00fcr die verwendeten Bilder und Grafiken:<\/strong><\/p>\n<p>Sofern nicht anders gekennzeichnet sind alle Bilder auf dieser Homepage Eigentum des 1. VW-Club Kaiserslautern e.V.<\/p>\n<p>Alle Bilder von Dritten sind als solche Kenntlich gemacht und Mit Quellenangabe und Fotograf versehen.<\/p>\n<p>Quelle:\u00a0<a href=\"http:\/\/www.e-recht24.de\/impressum-generator.html\"><em>http:\/\/www.e-recht24.de<\/em><\/a><\/p>\n<p><strong>Haftungsausschluss (Disclaimer)<\/strong><\/p>\n<p><strong>Haftung f\u00fcr Inhalte<\/strong><\/p>\n<p>Als Diensteanbieter sind wir gem\u00e4\u00df \u00a7 7 Abs.1 TMG f\u00fcr eigene Inhalte auf diesen Seiten nach den allgemeinen Gesetzen verantwortlich. Nach \u00a7\u00a7 8 bis 10 TMG sind wir als Diensteanbieter jedoch nicht verpflichtet, \u00fcbermittelte oder gespeicherte fremde Informationen zu \u00fcberwachen oder nach Umst\u00e4nden zu forschen, die auf eine rechtswidrige T\u00e4tigkeit hinweisen. Verpflichtungen zur Entfernung oder Sperrung der Nutzung von Informationen nach den allgemeinen Gesetzen bleiben hiervon unber\u00fchrt. Eine diesbez\u00fcgliche Haftung ist jedoch erst ab dem Zeitpunkt der Kenntnis einer konkreten Rechtsverletzung m\u00f6glich. Bei Bekanntwerden von entsprechenden Rechtsverletzungen werden wir diese Inhalte umgehend entfernen.<\/p>\n<p><strong>Haftung f\u00fcr Links<\/strong><\/p>\n<p>Unser Angebot enth\u00e4lt Links zu externen Webseiten Dritter, auf deren Inhalte wir keinen Einfluss haben. Deshalb k\u00f6nnen wir f\u00fcr diese fremden Inhalte auch keine Gew\u00e4hr \u00fcbernehmen. F\u00fcr die Inhalte der verlinkten Seiten ist stets der jeweilige Anbieter oder Betreiber der Seiten verantwortlich. Die verlinkten Seiten wurden zum Zeitpunkt der Verlinkung auf m\u00f6gliche Rechtsverst\u00f6\u00dfe \u00fcberpr\u00fcft. Rechtswidrige Inhalte waren zum Zeitpunkt der Verlinkung nicht erkennbar. Eine permanente inhaltliche Kontrolle der verlinkten Seiten ist jedoch ohne konkrete Anhaltspunkte einer Rechtsverletzung nicht zumutbar. Bei Bekanntwerden von Rechtsverletzungen werden wir derartige Links umgehend entfernen.<\/p>\n<p><strong>Urheberrecht<\/strong><\/p>\n<p>Die durch die Seitenbetreiber erstellten Inhalte und Werke auf diesen Seiten unterliegen dem deutschen Urheberrecht. Die Vervielf\u00e4ltigung, Bearbeitung, Verbreitung und jede Art der Verwertung au\u00dferhalb der Grenzen des Urheberrechtes bed\u00fcrfen der schriftlichen Zustimmung des jeweiligen Autors bzw. Erstellers. Downloads und Kopien dieser Seite sind nur f\u00fcr den privaten, nicht kommerziellen Gebrauch gestattet. Soweit die Inhalte auf dieser Seite nicht vom Betreiber erstellt wurden, werden die Urheberrechte Dritter beachtet. Insbesondere werden Inhalte Dritter als solche gekennzeichnet. Sollten Sie trotzdem auf eine Urheberrechtsverletzung aufmerksam werden, bitten wir um einen entsprechenden Hinweis. Bei Bekanntwerden von Rechtsverletzungen werden wir derartige Inhalte umgehend entfernen.<\/p>\n","protected":false},"excerpt":{"rendered":"<p>Impressum Angaben gem\u00e4\u00df \u00a7 5 TMG: VW Club Kaiserslautern e. V.An der Steinkaut 14 55268 Nieder Olm Vertreten durch: Vorsitzender Steffen Heinermann Vorsitzender Ingo Hoffmann Kassenwart Christoph M\u00fcller Schriftf\u00fchrer Herbert Kneip Kontakt: E Mail: info@vw-club-kl.de Eintragung im Vereinsregister.Registereintrag: Registergericht:Kaiserslautern Registernummer: VR 1983 Quellenangaben f\u00fcr die verwendeten Bilder und Grafiken: Sofern nicht anders gekennzeichnet sind alle &hellip; <\/p>\n<p class=\"link-more\"><a href=\"https:\/\/www.vw-club-kl.de\/www\/impressum\/\" class=\"more-link\"><span class=\"screen-reader-text\">\u201eImpressum\u201c <\/span>weiterlesen<\/a><\/p>\n","protected":false},"author":1,"featured_media":0,"parent":0,"menu_order":0,"comment_status":"open","ping_status":"open","template":"page-template-sitemap.php","meta":{"_monsterinsights_skip_tracking":false,"_monsterinsights_sitenote_active":false,"_monsterinsights_sitenote_note":"","_monsterinsights_sitenote_category":0,"footnotes":""},"class_list":["post-56","page","type-page","status-publish","hentry"],"_links":{"self":[{"href":"https:\/\/www.vw-club-kl.de\/www\/wp-json\/wp\/v2\/pages\/56","targetHints":{"allow":["GET"]}}],"collection":[{"href":"https:\/\/www.vw-club-kl.de\/www\/wp-json\/wp\/v2\/pages"}],"about":[{"href":"https:\/\/www.vw-club-kl.de\/www\/wp-json\/wp\/v2\/types\/page"}],"author":[{"embeddable":true,"href":"https:\/\/www.vw-club-kl.de\/www\/wp-json\/wp\/v2\/users\/1"}],"replies":[{"embeddable":true,"href":"https:\/\/www.vw-club-kl.de\/www\/wp-json\/wp\/v2\/comments?post=56"}],"version-history":[{"count":5,"href":"https:\/\/www.vw-club-kl.de\/www\/wp-json\/wp\/v2\/pages\/56\/revisions"}],"predecessor-version":[{"id":303,"href":"https:\/\/www.vw-club-kl.de\/www\/wp-json\/wp\/v2\/pages\/56\/revisions\/303"}],"wp:attachment":[{"href":"https:\/\/www.vw-club-kl.de\/www\/wp-json\/wp\/v2\/media?parent=56"}],"curies":[{"name":"wp","href":"https:\/\/api.w.org\/{rel}","templated":true}]}}