{"id":2,"date":"2015-08-01T19:04:06","date_gmt":"2015-08-01T19:04:06","guid":{"rendered":"http:\/\/www.vw-club-kl.de\/?page_id=2"},"modified":"2022-10-04T14:37:02","modified_gmt":"2022-10-04T14:37:02","slug":"der-club","status":"publish","type":"page","link":"https:\/\/www.vw-club-kl.de\/www\/","title":{"rendered":"Der Club"},"content":{"rendered":"<div class=\"wp-block-image\">\n<figure class=\"alignright size-full\"><a href=\"https:\/\/www.autodoc.de\/ersatzteile\/vw\"><img loading=\"lazy\" decoding=\"async\" width=\"120\" height=\"600\" src=\"http:\/\/www.vw-club-kl.de\/wp-content\/uploads\/2022\/04\/autodoc.de-120x600-1.gif\" alt=\"N\u00fctzliche Website f\u00fcr Besucher des VW-Clubs - www.autodoc.de\" class=\"wp-image-290\"\/><\/a><\/figure>\n<\/div>\n\n\n<p>Der Club<\/p>\n\n\n\n<p>Unser VW-Club wurde 1993 in Kaiserslautern gegr\u00fcndet. Momentan haben wir rund 20 Mitglieder, die zum gro\u00dfen Teil aus dem Gro\u00dfraum Kaiserslautern, aber auch aus Mainz oder Pirmasens kommen. Wir sind eine bunt gemischte Truppe jeden Alters, so dass jeder schnell Anschluss bei uns findet.<\/p>\n\n\n\n<p>Wir treffen uns i.d.R. jeden ersten Samstag im Monat. Auf diesen Clubabenden bereden wir alle wichtigen Dinge, von den Fahrten zu gemeinsamen Treffen bis hin zu unserem eigenen Stand auf Messen wie der Tuning World Bodensee in Friedrichshafen.<\/p>\n\n\n<div class=\"wp-block-image\">\n<figure class=\"alignleft size-full\"><a href=\"https:\/\/www.pkwteile.de\/autoteile\/vw-ersatzteile\" target=\"_blank\" rel=\"noreferrer noopener\"><img loading=\"lazy\" decoding=\"async\" width=\"120\" height=\"600\" src=\"http:\/\/www.vw-club-kl.de\/wp-content\/uploads\/2022\/09\/pkwteile.de-120x600-1.gif\" alt=\"www.Pkwteile.de\" class=\"wp-image-305\"\/><\/a><\/figure>\n<\/div>\n\n\n<p>Wenn Du mal Lust hast dabei zu sein, kein Problem, schick uns einfach eine Nachricht und wir geben Dir genauen Ort und Uhrzeit durch.<\/p>\n\n\n\n<p>Unser gr\u00f6\u00dftes Projekt ist unser j\u00e4hrlich stattfindendes VAG-Treffen in Kirchheimbolanden, der \u201eLow Sunday\u201c. Dieses organisieren wir komplett in Eigenregie und sind entsprechend stolz darauf, dass wir 2022 bereits zum 17. Mal nach Kibo einladen d\u00fcrfen.<\/p>\n\n\n\n<p>Mittlerweile haben einige von uns auch Nachwuchs bekommen, so dass wir auch viele Dinge abseits des Themas \u201eTuning\u201c unternehmen. Ausfl\u00fcge in Freizeitparks, zum Kartfahren oder einfach mal zu einem gem\u00fctlichen Grillen geh\u00f6ren genauso zu unserem Clubleben wie die klassischen Schrauber- und Waschtage.<\/p>\n\n\n\n<p>Wenn du auch einmal vorbei kommen m\u00f6chtest, melde Dich einfach bei uns \u00fcber die \u00fcblichen Wege \u2013 wir freuen uns stets \u00fcber neue Gesichter! Wichtig ist uns hierbei noch zu erw\u00e4hnen, dass die Person \u00fcber dem Auto steht. Wenn die Chemie stimmt, ergibt sich der Rest von alleine!<\/p>\n\n\n\n<p>1.VW-Club Kaiserslautern e.V., im Januar 2022<\/p>\n\n\n<div class=\"wp-block-image\">\n<figure class=\"aligncenter\"><img loading=\"lazy\" decoding=\"async\" width=\"150\" height=\"150\" src=\"http:\/\/www.vw-club-kl.de\/wp-content\/uploads\/2016\/12\/Gruppenbild-Platz-150x150.jpg\" alt=\"\" class=\"wp-image-159\" srcset=\"https:\/\/www.vw-club-kl.de\/wp-content\/uploads\/2016\/12\/Gruppenbild-Platz-150x150.jpg 150w, https:\/\/www.vw-club-kl.de\/wp-content\/uploads\/2016\/12\/Gruppenbild-Platz-100x100.jpg 100w\" sizes=\"auto, (max-width: 150px) 100vw, 150px\" \/><\/figure>\n<\/div>\n\n\n<p class=\"has-text-align-center\"><a href=\"https:\/\/www.facebook.com\/Low.Sunday\">http:\/\/www.facebook.com\/Low.Sunday\/<\/a><\/p>\n\n\n<div class=\"wp-block-image is-style-default\">\n<figure class=\"aligncenter size-full\"><a href=\"https:\/\/www.autoersatzteile.de\/vw-autoteile\"><img loading=\"lazy\" decoding=\"async\" width=\"468\" height=\"60\" src=\"http:\/\/www.vw-club-kl.de\/wp-content\/uploads\/2022\/01\/autoersatzteile_468x60.jpg\" alt=\"Rund um die Uhr gibt es alles f\u00fcr VW auf autoersatzteile.de\" class=\"wp-image-239\" srcset=\"https:\/\/www.vw-club-kl.de\/wp-content\/uploads\/2022\/01\/autoersatzteile_468x60.jpg 468w, https:\/\/www.vw-club-kl.de\/wp-content\/uploads\/2022\/01\/autoersatzteile_468x60-300x38.jpg 300w\" sizes=\"auto, (max-width: 468px) 100vw, 468px\" \/><\/a><\/figure>\n<\/div>","protected":false},"excerpt":{"rendered":"<p>Der Club Unser VW-Club wurde 1993 in Kaiserslautern gegr\u00fcndet. Momentan haben wir rund 20 Mitglieder, die zum gro\u00dfen Teil aus dem Gro\u00dfraum Kaiserslautern, aber auch aus Mainz oder Pirmasens kommen. Wir sind eine bunt gemischte Truppe jeden Alters, so dass jeder schnell Anschluss bei uns findet. Wir treffen uns i.d.R. jeden ersten Samstag im Monat. &hellip; <\/p>\n<p class=\"link-more\"><a href=\"https:\/\/www.vw-club-kl.de\/www\/\" class=\"more-link\"><span class=\"screen-reader-text\">\u201eDer Club\u201c <\/span>weiterlesen<\/a><\/p>\n","protected":false},"author":1,"featured_media":0,"parent":0,"menu_order":0,"comment_status":"closed","ping_status":"open","template":"","meta":{"_monsterinsights_skip_tracking":false,"_monsterinsights_sitenote_active":false,"_monsterinsights_sitenote_note":"","_monsterinsights_sitenote_category":0,"footnotes":""},"class_list":["post-2","page","type-page","status-publish","hentry"],"_links":{"self":[{"href":"https:\/\/www.vw-club-kl.de\/www\/wp-json\/wp\/v2\/pages\/2","targetHints":{"allow":["GET"]}}],"collection":[{"href":"https:\/\/www.vw-club-kl.de\/www\/wp-json\/wp\/v2\/pages"}],"about":[{"href":"https:\/\/www.vw-club-kl.de\/www\/wp-json\/wp\/v2\/types\/page"}],"author":[{"embeddable":true,"href":"https:\/\/www.vw-club-kl.de\/www\/wp-json\/wp\/v2\/users\/1"}],"replies":[{"embeddable":true,"href":"https:\/\/www.vw-club-kl.de\/www\/wp-json\/wp\/v2\/comments?post=2"}],"version-history":[{"count":29,"href":"https:\/\/www.vw-club-kl.de\/www\/wp-json\/wp\/v2\/pages\/2\/revisions"}],"predecessor-version":[{"id":310,"href":"https:\/\/www.vw-club-kl.de\/www\/wp-json\/wp\/v2\/pages\/2\/revisions\/310"}],"wp:attachment":[{"href":"https:\/\/www.vw-club-kl.de\/www\/wp-json\/wp\/v2\/media?parent=2"}],"curies":[{"name":"wp","href":"https:\/\/api.w.org\/{rel}","templated":true}]}}